{"id":286,"date":"2016-10-31T13:17:59","date_gmt":"2016-10-31T16:17:59","guid":{"rendered":"https:\/\/isfdyt32-bue.infd.edu.ar\/sitio\/?page_id=286"},"modified":"2023-11-06T21:11:11","modified_gmt":"2023-11-07T00:11:11","slug":"inicio","status":"publish","type":"page","link":"https:\/\/isfdyt32-bue.infd.edu.ar\/sitio\/","title":{"rendered":"Inicio"},"content":{"rendered":"<blockquote>\n<h1 style=\"text-align: center;\"><a href=\"https:\/\/isfdyt32-bue.infd.edu.ar\/sitio\/wp-content\/uploads\/2023\/11\/A3-Planilla-de-Inscripcion-a-mesas.pdf\">Planilla de Inscripci\u00f3n a Mesas de Examen<\/a><\/h1>\n<h1 style=\"text-align: center;\"><a href=\"https:\/\/isfdyt32-bue.infd.edu.ar\/sitio\/wp-content\/uploads\/2023\/03\/A5-SOLICITUD-DE-INSCRIPCION-A-LAS-CATEDRAS.pdf\">A5 SOLICITUD DE INSCRIPCI\u00d3N A LAS CATEDRAS<\/a>\u00a0<\/h1>\n<\/blockquote>\n<p style=\"text-align: center;\">\u00a0<\/p>\n<p style=\"text-align: center;\">\u00a0<\/p>\n<p>&nbsp;<\/p>\n<blockquote>\n<h1>Ingresar al Campus Estudiantes y Docentes<\/h1>\n<\/blockquote>\n<h2 style=\"text-align: center;\"><a href=\"https:\/\/red.infd.edu.ar\/tutoriales\/\" target=\"_blank\" rel=\"noopener\">Tutoriales para el uso del Campus<\/a><\/h2>\n<p>&nbsp;<\/p>\n<figure id=\"attachment_967\" aria-describedby=\"caption-attachment-967\" style=\"width: 318px\" class=\"wp-caption aligncenter\"><a href=\"https:\/\/isfdyt32-bue.infd.edu.ar\/aula\/escritorio.cgi\"><img decoding=\"async\" loading=\"lazy\" class=\"wp-image-967\" src=\"https:\/\/isfdyt32-bue.infd.edu.ar\/sitio\/wp-content\/uploads\/2021\/03\/INGRESAR.jpg\" alt=\"\" width=\"328\" height=\"86\" \/><\/a><figcaption id=\"caption-attachment-967\" class=\"wp-caption-text\">Ingresar al Campus Estudiantes y Docentes<\/figcaption><\/figure>\n<div id=\"metaslider-id-845\" style=\"width: 100%; margin: 0 auto;\" class=\"ml-slider-3-33-0 metaslider metaslider-flex metaslider-845 ml-slider ms-theme-default\" role=\"region\" aria-roledescription=\"Slideshow\" aria-label=\"Slideshow\">\n    <div id=\"metaslider_container_845\">\n        <div id=\"metaslider_845\">\n            <ul aria-live=\"polite\" class=\"slides\">\n                <li style=\"display: none; width: 100%;\" class=\"slide-850 ms-image\" aria-roledescription=\"slide\" aria-label=\"slide-850\"><img width=\"1754\" height=\"2480\" src=\"https:\/\/isfdyt32-bue.infd.edu.ar\/sitio\/wp-content\/uploads\/2021\/11\/A4-todas-carreras_para-instagram4.jpg\" class=\"slider-845 slide-850\" alt=\"\" decoding=\"async\" loading=\"lazy\" rel=\"\" title=\"A4 todas carreras_para instagram4\" srcset=\"https:\/\/isfdyt32-bue.infd.edu.ar\/sitio\/wp-content\/uploads\/2021\/11\/A4-todas-carreras_para-instagram4.jpg 1754w, https:\/\/isfdyt32-bue.infd.edu.ar\/sitio\/wp-content\/uploads\/2021\/11\/A4-todas-carreras_para-instagram4-707x1000.jpg 707w, https:\/\/isfdyt32-bue.infd.edu.ar\/sitio\/wp-content\/uploads\/2021\/11\/A4-todas-carreras_para-instagram4-1344x1900.jpg 1344w, https:\/\/isfdyt32-bue.infd.edu.ar\/sitio\/wp-content\/uploads\/2021\/11\/A4-todas-carreras_para-instagram4-768x1086.jpg 768w, https:\/\/isfdyt32-bue.infd.edu.ar\/sitio\/wp-content\/uploads\/2021\/11\/A4-todas-carreras_para-instagram4-1086x1536.jpg 1086w, https:\/\/isfdyt32-bue.infd.edu.ar\/sitio\/wp-content\/uploads\/2021\/11\/A4-todas-carreras_para-instagram4-1448x2048.jpg 1448w\" sizes=\"(max-width: 1754px) 100vw, 1754px\" \/><\/li>\n                <li style=\"display: none; width: 100%;\" class=\"slide-851 ms-image\" aria-roledescription=\"slide\" aria-label=\"slide-851\"><img width=\"1754\" height=\"2480\" src=\"https:\/\/isfdyt32-bue.infd.edu.ar\/sitio\/wp-content\/uploads\/2021\/11\/A4-todas-carreras_para-instagram3.jpg\" class=\"slider-845 slide-851\" alt=\"\" decoding=\"async\" loading=\"lazy\" rel=\"\" title=\"A4 todas carreras_para instagram3\" srcset=\"https:\/\/isfdyt32-bue.infd.edu.ar\/sitio\/wp-content\/uploads\/2021\/11\/A4-todas-carreras_para-instagram3.jpg 1754w, https:\/\/isfdyt32-bue.infd.edu.ar\/sitio\/wp-content\/uploads\/2021\/11\/A4-todas-carreras_para-instagram3-707x1000.jpg 707w, https:\/\/isfdyt32-bue.infd.edu.ar\/sitio\/wp-content\/uploads\/2021\/11\/A4-todas-carreras_para-instagram3-1344x1900.jpg 1344w, https:\/\/isfdyt32-bue.infd.edu.ar\/sitio\/wp-content\/uploads\/2021\/11\/A4-todas-carreras_para-instagram3-768x1086.jpg 768w, https:\/\/isfdyt32-bue.infd.edu.ar\/sitio\/wp-content\/uploads\/2021\/11\/A4-todas-carreras_para-instagram3-1086x1536.jpg 1086w, https:\/\/isfdyt32-bue.infd.edu.ar\/sitio\/wp-content\/uploads\/2021\/11\/A4-todas-carreras_para-instagram3-1448x2048.jpg 1448w\" sizes=\"(max-width: 1754px) 100vw, 1754px\" \/><\/li>\n                <li style=\"display: none; width: 100%;\" class=\"slide-852 ms-image\" aria-roledescription=\"slide\" aria-label=\"slide-852\"><img width=\"1754\" height=\"2480\" src=\"https:\/\/isfdyt32-bue.infd.edu.ar\/sitio\/wp-content\/uploads\/2021\/11\/A4-todas-carreras_para-instagram2.jpg\" class=\"slider-845 slide-852\" alt=\"\" decoding=\"async\" loading=\"lazy\" rel=\"\" title=\"A4 todas carreras_para instagram2\" srcset=\"https:\/\/isfdyt32-bue.infd.edu.ar\/sitio\/wp-content\/uploads\/2021\/11\/A4-todas-carreras_para-instagram2.jpg 1754w, https:\/\/isfdyt32-bue.infd.edu.ar\/sitio\/wp-content\/uploads\/2021\/11\/A4-todas-carreras_para-instagram2-707x1000.jpg 707w, https:\/\/isfdyt32-bue.infd.edu.ar\/sitio\/wp-content\/uploads\/2021\/11\/A4-todas-carreras_para-instagram2-1344x1900.jpg 1344w, https:\/\/isfdyt32-bue.infd.edu.ar\/sitio\/wp-content\/uploads\/2021\/11\/A4-todas-carreras_para-instagram2-768x1086.jpg 768w, https:\/\/isfdyt32-bue.infd.edu.ar\/sitio\/wp-content\/uploads\/2021\/11\/A4-todas-carreras_para-instagram2-1086x1536.jpg 1086w, https:\/\/isfdyt32-bue.infd.edu.ar\/sitio\/wp-content\/uploads\/2021\/11\/A4-todas-carreras_para-instagram2-1448x2048.jpg 1448w\" sizes=\"(max-width: 1754px) 100vw, 1754px\" \/><\/li>\n                <li style=\"display: none; width: 100%;\" class=\"slide-853 ms-image\" aria-roledescription=\"slide\" aria-label=\"slide-853\"><img width=\"1754\" height=\"2480\" src=\"https:\/\/isfdyt32-bue.infd.edu.ar\/sitio\/wp-content\/uploads\/2021\/11\/A4-todas-carreras_Para-Instagram.jpg\" class=\"slider-845 slide-853\" alt=\"\" decoding=\"async\" loading=\"lazy\" rel=\"\" title=\"A4 todas carreras_Para Instagram\" srcset=\"https:\/\/isfdyt32-bue.infd.edu.ar\/sitio\/wp-content\/uploads\/2021\/11\/A4-todas-carreras_Para-Instagram.jpg 1754w, https:\/\/isfdyt32-bue.infd.edu.ar\/sitio\/wp-content\/uploads\/2021\/11\/A4-todas-carreras_Para-Instagram-707x1000.jpg 707w, https:\/\/isfdyt32-bue.infd.edu.ar\/sitio\/wp-content\/uploads\/2021\/11\/A4-todas-carreras_Para-Instagram-1344x1900.jpg 1344w, https:\/\/isfdyt32-bue.infd.edu.ar\/sitio\/wp-content\/uploads\/2021\/11\/A4-todas-carreras_Para-Instagram-768x1086.jpg 768w, https:\/\/isfdyt32-bue.infd.edu.ar\/sitio\/wp-content\/uploads\/2021\/11\/A4-todas-carreras_Para-Instagram-1086x1536.jpg 1086w, https:\/\/isfdyt32-bue.infd.edu.ar\/sitio\/wp-content\/uploads\/2021\/11\/A4-todas-carreras_Para-Instagram-1448x2048.jpg 1448w\" sizes=\"(max-width: 1754px) 100vw, 1754px\" \/><\/li>\n                <li style=\"display: none; width: 100%;\" class=\"slide-854 ms-image\" aria-roledescription=\"slide\" aria-label=\"slide-854\"><img width=\"1754\" height=\"2480\" src=\"https:\/\/isfdyt32-bue.infd.edu.ar\/sitio\/wp-content\/uploads\/2021\/11\/A4-todas-carreras_para-instagram7.jpg\" class=\"slider-845 slide-854\" alt=\"\" decoding=\"async\" loading=\"lazy\" rel=\"\" title=\"A4 todas carreras_para instagram7\" srcset=\"https:\/\/isfdyt32-bue.infd.edu.ar\/sitio\/wp-content\/uploads\/2021\/11\/A4-todas-carreras_para-instagram7.jpg 1754w, https:\/\/isfdyt32-bue.infd.edu.ar\/sitio\/wp-content\/uploads\/2021\/11\/A4-todas-carreras_para-instagram7-707x1000.jpg 707w, https:\/\/isfdyt32-bue.infd.edu.ar\/sitio\/wp-content\/uploads\/2021\/11\/A4-todas-carreras_para-instagram7-1344x1900.jpg 1344w, https:\/\/isfdyt32-bue.infd.edu.ar\/sitio\/wp-content\/uploads\/2021\/11\/A4-todas-carreras_para-instagram7-768x1086.jpg 768w, https:\/\/isfdyt32-bue.infd.edu.ar\/sitio\/wp-content\/uploads\/2021\/11\/A4-todas-carreras_para-instagram7-1086x1536.jpg 1086w, https:\/\/isfdyt32-bue.infd.edu.ar\/sitio\/wp-content\/uploads\/2021\/11\/A4-todas-carreras_para-instagram7-1448x2048.jpg 1448w\" sizes=\"(max-width: 1754px) 100vw, 1754px\" \/><\/li>\n                <li style=\"display: none; width: 100%;\" class=\"slide-857 ms-image\" aria-roledescription=\"slide\" aria-label=\"slide-857\"><img width=\"1754\" height=\"2480\" src=\"https:\/\/isfdyt32-bue.infd.edu.ar\/sitio\/wp-content\/uploads\/2021\/11\/A4-todas-carreras_para-instagram5.jpg\" class=\"slider-845 slide-857\" alt=\"\" decoding=\"async\" loading=\"lazy\" rel=\"\" title=\"A4 todas carreras_para instagram5\" srcset=\"https:\/\/isfdyt32-bue.infd.edu.ar\/sitio\/wp-content\/uploads\/2021\/11\/A4-todas-carreras_para-instagram5.jpg 1754w, https:\/\/isfdyt32-bue.infd.edu.ar\/sitio\/wp-content\/uploads\/2021\/11\/A4-todas-carreras_para-instagram5-707x1000.jpg 707w, https:\/\/isfdyt32-bue.infd.edu.ar\/sitio\/wp-content\/uploads\/2021\/11\/A4-todas-carreras_para-instagram5-1344x1900.jpg 1344w, https:\/\/isfdyt32-bue.infd.edu.ar\/sitio\/wp-content\/uploads\/2021\/11\/A4-todas-carreras_para-instagram5-768x1086.jpg 768w, https:\/\/isfdyt32-bue.infd.edu.ar\/sitio\/wp-content\/uploads\/2021\/11\/A4-todas-carreras_para-instagram5-1086x1536.jpg 1086w, https:\/\/isfdyt32-bue.infd.edu.ar\/sitio\/wp-content\/uploads\/2021\/11\/A4-todas-carreras_para-instagram5-1448x2048.jpg 1448w\" sizes=\"(max-width: 1754px) 100vw, 1754px\" \/><\/li>\n                <li style=\"display: none; width: 100%;\" class=\"slide-1040 ms-image\" aria-roledescription=\"slide\" aria-label=\"slide-1040\"><img width=\"1754\" height=\"2480\" src=\"https:\/\/isfdyt32-bue.infd.edu.ar\/sitio\/wp-content\/uploads\/2021\/11\/A4-todas-carreras-10.jpg\" class=\"slider-845 slide-1040\" alt=\"\" decoding=\"async\" loading=\"lazy\" rel=\"\" title=\"A4 todas carreras-10\" srcset=\"https:\/\/isfdyt32-bue.infd.edu.ar\/sitio\/wp-content\/uploads\/2021\/11\/A4-todas-carreras-10.jpg 1754w, https:\/\/isfdyt32-bue.infd.edu.ar\/sitio\/wp-content\/uploads\/2021\/11\/A4-todas-carreras-10-707x1000.jpg 707w, https:\/\/isfdyt32-bue.infd.edu.ar\/sitio\/wp-content\/uploads\/2021\/11\/A4-todas-carreras-10-1344x1900.jpg 1344w, https:\/\/isfdyt32-bue.infd.edu.ar\/sitio\/wp-content\/uploads\/2021\/11\/A4-todas-carreras-10-768x1086.jpg 768w, https:\/\/isfdyt32-bue.infd.edu.ar\/sitio\/wp-content\/uploads\/2021\/11\/A4-todas-carreras-10-1086x1536.jpg 1086w, https:\/\/isfdyt32-bue.infd.edu.ar\/sitio\/wp-content\/uploads\/2021\/11\/A4-todas-carreras-10-1448x2048.jpg 1448w\" sizes=\"(max-width: 1754px) 100vw, 1754px\" \/><\/li>\n                <li style=\"display: none; width: 100%;\" class=\"slide-1041 ms-image\" aria-roledescription=\"slide\" aria-label=\"slide-1041\"><img width=\"1754\" height=\"2480\" src=\"https:\/\/isfdyt32-bue.infd.edu.ar\/sitio\/wp-content\/uploads\/2021\/11\/A4-todas-carreras-08.jpg\" class=\"slider-845 slide-1041\" alt=\"\" decoding=\"async\" loading=\"lazy\" rel=\"\" title=\"A4 todas carreras-08\" srcset=\"https:\/\/isfdyt32-bue.infd.edu.ar\/sitio\/wp-content\/uploads\/2021\/11\/A4-todas-carreras-08.jpg 1754w, https:\/\/isfdyt32-bue.infd.edu.ar\/sitio\/wp-content\/uploads\/2021\/11\/A4-todas-carreras-08-707x1000.jpg 707w, https:\/\/isfdyt32-bue.infd.edu.ar\/sitio\/wp-content\/uploads\/2021\/11\/A4-todas-carreras-08-1344x1900.jpg 1344w, https:\/\/isfdyt32-bue.infd.edu.ar\/sitio\/wp-content\/uploads\/2021\/11\/A4-todas-carreras-08-768x1086.jpg 768w, https:\/\/isfdyt32-bue.infd.edu.ar\/sitio\/wp-content\/uploads\/2021\/11\/A4-todas-carreras-08-1086x1536.jpg 1086w, https:\/\/isfdyt32-bue.infd.edu.ar\/sitio\/wp-content\/uploads\/2021\/11\/A4-todas-carreras-08-1448x2048.jpg 1448w\" sizes=\"(max-width: 1754px) 100vw, 1754px\" \/><\/li>\n                <li style=\"display: none; width: 100%;\" class=\"slide-1042 ms-image\" aria-roledescription=\"slide\" aria-label=\"slide-1042\"><img width=\"1754\" height=\"2480\" src=\"https:\/\/isfdyt32-bue.infd.edu.ar\/sitio\/wp-content\/uploads\/2021\/11\/A4-todas-carreras-09.jpg\" class=\"slider-845 slide-1042\" alt=\"\" decoding=\"async\" loading=\"lazy\" rel=\"\" title=\"A4 todas carreras-09\" srcset=\"https:\/\/isfdyt32-bue.infd.edu.ar\/sitio\/wp-content\/uploads\/2021\/11\/A4-todas-carreras-09.jpg 1754w, https:\/\/isfdyt32-bue.infd.edu.ar\/sitio\/wp-content\/uploads\/2021\/11\/A4-todas-carreras-09-707x1000.jpg 707w, https:\/\/isfdyt32-bue.infd.edu.ar\/sitio\/wp-content\/uploads\/2021\/11\/A4-todas-carreras-09-1344x1900.jpg 1344w, https:\/\/isfdyt32-bue.infd.edu.ar\/sitio\/wp-content\/uploads\/2021\/11\/A4-todas-carreras-09-768x1086.jpg 768w, https:\/\/isfdyt32-bue.infd.edu.ar\/sitio\/wp-content\/uploads\/2021\/11\/A4-todas-carreras-09-1086x1536.jpg 1086w, https:\/\/isfdyt32-bue.infd.edu.ar\/sitio\/wp-content\/uploads\/2021\/11\/A4-todas-carreras-09-1448x2048.jpg 1448w\" sizes=\"(max-width: 1754px) 100vw, 1754px\" \/><\/li>\n            <\/ul>\n        <\/div>\n        \n    <\/div>\n<\/div>\n<p><img decoding=\"async\" loading=\"lazy\" class=\"alignnone size-medium wp-image-1007\" src=\"https:\/\/isfdyt32-bue.infd.edu.ar\/sitio\/wp-content\/uploads\/2021\/08\/convocatoria-1000x1000.jpg\" alt=\"\" width=\"1000\" height=\"1000\" srcset=\"https:\/\/isfdyt32-bue.infd.edu.ar\/sitio\/wp-content\/uploads\/2021\/08\/convocatoria-1000x1000.jpg 1000w, https:\/\/isfdyt32-bue.infd.edu.ar\/sitio\/wp-content\/uploads\/2021\/08\/convocatoria-500x500.jpg 500w, https:\/\/isfdyt32-bue.infd.edu.ar\/sitio\/wp-content\/uploads\/2021\/08\/convocatoria-768x769.jpg 768w, https:\/\/isfdyt32-bue.infd.edu.ar\/sitio\/wp-content\/uploads\/2021\/08\/convocatoria.jpg 1080w\" sizes=\"(max-width: 1000px) 100vw, 1000px\" \/><\/p>\n<header>\n<div class=\"panel-pane pane-imagen-destacada\">\n<div class=\"pane-content\">\n<header>\n<div class=\"container\">\n<div class=\"row\">\n<div class=\"col-md-8 col-md-offset-2 overlap\">\n<div class=\"title-description\">\n<h1>Proyectos de Investigaci\u00f3n: Convocatoria 2021 para ISFD<\/h1>\n<p>&nbsp;<\/p>\n<p>El plazo de inscripci\u00f3n es del 2 al 20 de agosto y podr\u00e1n participar directivos, formadores y estudiantes de todos los ISFD de gesti\u00f3n estatal del pa\u00eds.<\/p>\n<hr \/>\n<\/div>\n<\/div>\n<\/div>\n<\/div>\n<\/header>\n<\/div>\n<\/div>\n<div class=\"container\">\n<div class=\"row\">\n<div class=\"col-sm-6\">\u00a0<\/div>\n<div class=\"col-sm-6\">\u00a0<\/div>\n<\/div>\n<\/div>\n<\/header>\n<section class=\"content_format\">\n<div class=\"container\">\n<div class=\"row\">\n<div class=\"col-md-8 col-md-offset-2\">\n<div class=\"panel-pane pane-texto\">\n<div class=\"pane-content\">\n<div class=\"\">\n<p>El Instituto Nacional de Formaci\u00f3n Docente, desde la Direcci\u00f3n Nacional de Investigaci\u00f3n y Desarrollo Profesional Docente, inicia la inscripci\u00f3n de la Convocatoria de proyectos de investigaci\u00f3n para los Institutos Superiores de Formaci\u00f3n Docente (ISFD) 2021. El plazo de inscripci\u00f3n es del 2 al 20 de agosto y podr\u00e1n participar directivos, formadores y estudiantes de todos los ISFD de gesti\u00f3n estatal del pa\u00eds.<\/p>\n<p>A trav\u00e9s de esta estrategia el Instituto Nacional de Formaci\u00f3n Docente (INFoD) impulsa el fomento de la funci\u00f3n de investigaci\u00f3n en el nivel Superior y en los Institutos Superiores de Formaci\u00f3n Docente (ISFD) y la producci\u00f3n de conocimiento educativo y pedag\u00f3gico en \u00e1reas de vacancia para el fortalecimiento de las instituciones.<\/p>\n<p>Con esos prop\u00f3sitos, del 2 al 20 de agosto, convoca a formadores y estudiantes de carreras de Formaci\u00f3n Docente de los Institutos de Educaci\u00f3n Superior (ISFD) de gesti\u00f3n estatal de todo el pa\u00eds a presentar proyectos de investigaci\u00f3n in\u00e9ditos. Los resultados de las investigaciones podr\u00e1n ser insumos para el dise\u00f1o de pol\u00edticas que posibiliten mejorar los procesos de ense\u00f1anza y de aprendizaje del nivel superior y de los niveles y modalidades de la educaci\u00f3n obligatoria.<\/p>\n<p>Para conocer m\u00e1s detalles sobre la convocatoria y poder inscribirse, ya se pueden descargar las\u00a0<a href=\"https:\/\/red.infd.edu.ar\/wp-content\/uploads\/2021\/07\/Bases-y-Condiciones-2021.pdf\">Bases y Condiciones<\/a>, junto a los siguientes documentos: \u201cDise\u00f1o del Proyecto de investigaci\u00f3n\u201d, \u201cAntecedentes Acad\u00e9micos del director\/a del equipo\u201d y carta de aval institucional.<\/p>\n<p>Quienes deseen participar pueden enviar sus consultas al \u00e1rea de Investigaci\u00f3n:\u00a0convocatoria.investigacion@infd.edu.ar, o comunicarse con la Direcci\u00f3n de Educaci\u00f3n Superior de su jurisdicci\u00f3n.<\/p>\n<p>FUENTE: https:\/\/www.argentina.gob.ar\/noticias\/proyectos-de-investigacion-convocatoria-2021-para-isfd-0<\/p>\n<\/div>\n<\/div>\n<\/div>\n<\/div>\n<\/div>\n<\/div>\n<\/section>\n<div class=\"freebirdFormviewerViewHeaderTitleRow\">\n<h2 class=\"freebirdFormviewerViewHeaderTitle exportFormTitle freebirdCustomFont\" dir=\"auto\" style=\"text-align: center;\" role=\"heading\" aria-level=\"1\">ISFDyT N\u00b0 32 -R20- Especializaci\u00f3n Docente de Nivel Superior para Estudiantes con Alteraci\u00f3n en el Desarrollo y la Constituci\u00f3n Subjetiva (Res. 1164\/19)<\/h2>\n<\/div>\n<div class=\"freebirdFormviewerViewHeaderDescription\" dir=\"auto\" style=\"text-align: center;\">Para conocer la resoluci\u00f3n puede cliquear en el siguiente enlace: <a href=\"https:\/\/www.google.com\/url?q=https:\/\/drive.google.com\/file\/d\/1g5d4biaEYB0ZTGF7ZprQhdah19TDZSni\/view&amp;sa=D&amp;source=editors&amp;ust=1625509544131000&amp;usg=AFQjCNFa4sO6SFAp9dOCoWrLZ-hSJcHuMQ\">https:\/\/drive.google.com\/file\/d\/1g5d4biaEYB0ZTGF7ZprQhdah19TDZSni\/view<\/a><\/div>\n<p style=\"text-align: center;\"><img decoding=\"async\" loading=\"lazy\" class=\"alignnone size-medium wp-image-989 aligncenter\" src=\"https:\/\/isfdyt32-bue.infd.edu.ar\/sitio\/wp-content\/uploads\/2021\/07\/Postitulo-TES--1000x1000.png\" alt=\"\" width=\"1000\" height=\"1000\" srcset=\"https:\/\/isfdyt32-bue.infd.edu.ar\/sitio\/wp-content\/uploads\/2021\/07\/Postitulo-TES--1000x1000.png 1000w, https:\/\/isfdyt32-bue.infd.edu.ar\/sitio\/wp-content\/uploads\/2021\/07\/Postitulo-TES--500x500.png 500w, https:\/\/isfdyt32-bue.infd.edu.ar\/sitio\/wp-content\/uploads\/2021\/07\/Postitulo-TES--768x767.png 768w, https:\/\/isfdyt32-bue.infd.edu.ar\/sitio\/wp-content\/uploads\/2021\/07\/Postitulo-TES-.png 1414w\" sizes=\"(max-width: 1000px) 100vw, 1000px\" \/> <img decoding=\"async\" loading=\"lazy\" class=\"alignnone size-medium wp-image-988 aligncenter\" src=\"https:\/\/isfdyt32-bue.infd.edu.ar\/sitio\/wp-content\/uploads\/2021\/07\/Especializaci\u00f3n-TES-1000x1000.png\" alt=\"\" width=\"1000\" height=\"1000\" srcset=\"https:\/\/isfdyt32-bue.infd.edu.ar\/sitio\/wp-content\/uploads\/2021\/07\/Especializaci\u00f3n-TES-1000x1000.png 1000w, https:\/\/isfdyt32-bue.infd.edu.ar\/sitio\/wp-content\/uploads\/2021\/07\/Especializaci\u00f3n-TES-500x500.png 500w, https:\/\/isfdyt32-bue.infd.edu.ar\/sitio\/wp-content\/uploads\/2021\/07\/Especializaci\u00f3n-TES-768x768.png 768w, https:\/\/isfdyt32-bue.infd.edu.ar\/sitio\/wp-content\/uploads\/2021\/07\/Especializaci\u00f3n-TES.png 1414w\" sizes=\"(max-width: 1000px) 100vw, 1000px\" \/><\/p>\n<p style=\"text-align: center;\">_________________________________________________________________________<\/p>\n","protected":false},"excerpt":{"rendered":"<p>Planilla de Inscripci\u00f3n a Mesas de Examen A5 SOLICITUD DE INSCRIPCI\u00d3N A LAS CATEDRAS\u00a0 \u00a0 \u00a0 &nbsp; Ingresar al Campus Estudiantes y Docentes Tutoriales para el uso del Campus &nbsp; Proyectos de Investigaci\u00f3n: Convocatoria 2021 para ISFD &nbsp; El plazo de inscripci\u00f3n es del 2 al 20 de agosto y podr\u00e1n participar directivos, formadores y &#8230; <a title=\"Inicio\" class=\"read-more\" href=\"https:\/\/isfdyt32-bue.infd.edu.ar\/sitio\/\" aria-label=\"More on Inicio\">[+]<\/a><\/p>\n","protected":false},"author":1,"featured_media":0,"parent":0,"menu_order":0,"comment_status":"closed","ping_status":"closed","template":"","meta":[],"acf":[],"_links":{"self":[{"href":"https:\/\/isfdyt32-bue.infd.edu.ar\/sitio\/wp-json\/wp\/v2\/pages\/286"}],"collection":[{"href":"https:\/\/isfdyt32-bue.infd.edu.ar\/sitio\/wp-json\/wp\/v2\/pages"}],"about":[{"href":"https:\/\/isfdyt32-bue.infd.edu.ar\/sitio\/wp-json\/wp\/v2\/types\/page"}],"author":[{"embeddable":true,"href":"https:\/\/isfdyt32-bue.infd.edu.ar\/sitio\/wp-json\/wp\/v2\/users\/1"}],"replies":[{"embeddable":true,"href":"https:\/\/isfdyt32-bue.infd.edu.ar\/sitio\/wp-json\/wp\/v2\/comments?post=286"}],"version-history":[{"count":141,"href":"https:\/\/isfdyt32-bue.infd.edu.ar\/sitio\/wp-json\/wp\/v2\/pages\/286\/revisions"}],"predecessor-version":[{"id":1061,"href":"https:\/\/isfdyt32-bue.infd.edu.ar\/sitio\/wp-json\/wp\/v2\/pages\/286\/revisions\/1061"}],"wp:attachment":[{"href":"https:\/\/isfdyt32-bue.infd.edu.ar\/sitio\/wp-json\/wp\/v2\/media?parent=286"}],"curies":[{"name":"wp","href":"https:\/\/api.w.org\/{rel}","templated":true}]}}