{"id":692,"date":"2018-08-31T20:53:58","date_gmt":"2018-08-31T23:53:58","guid":{"rendered":"https:\/\/isfdyt32-bue.infd.edu.ar\/sitio\/?page_id=692"},"modified":"2018-08-31T21:25:45","modified_gmt":"2018-09-01T00:25:45","slug":"historia","status":"publish","type":"page","link":"https:\/\/isfdyt32-bue.infd.edu.ar\/sitio\/historia\/","title":{"rendered":"Historia"},"content":{"rendered":"<h1>Instituto Superior de Formaci\u00f3n Docente y T\u00e9cnica N\u00ba 32<\/h1>\n<p>&nbsp;<\/p>\n<p>El Instituto Superior de Formaci\u00f3n Docente y T\u00e9cnica N\u00ba 32 fue fundado el 14 de Abril de 1970 a partir de la petici\u00f3n de un grupo de vecinos y profesionales que aspiraban a que la formaci\u00f3n de docentes a nivel superior se profundizara en la ciudad.<\/p>\n<p>Su primera directora fue la Profesora Lidia Gallino de Camino y en la actualidad la instituci\u00f3n lleva su nombre en homenaje a su labor.<\/p>\n<p>Iniciado como Instituto de Formaci\u00f3n Docente, en la d\u00e9cada de l ochenta se convierte en mixto e incluye la Formaci\u00f3n T\u00e9cnica.<\/p>\n<p>&nbsp;<\/p>\n","protected":false},"excerpt":{"rendered":"<p>Instituto Superior de Formaci\u00f3n Docente y T\u00e9cnica N\u00ba 32 &nbsp; El Instituto Superior de Formaci\u00f3n Docente y T\u00e9cnica N\u00ba 32 fue fundado el 14 de Abril de 1970 a partir de la petici\u00f3n de un grupo de vecinos y profesionales que aspiraban a que la formaci\u00f3n de docentes a nivel superior se profundizara en la &#8230; <a title=\"Historia\" class=\"read-more\" href=\"https:\/\/isfdyt32-bue.infd.edu.ar\/sitio\/historia\/\" aria-label=\"More on Historia\">[+]<\/a><\/p>\n","protected":false},"author":33,"featured_media":0,"parent":0,"menu_order":0,"comment_status":"closed","ping_status":"closed","template":"","meta":[],"acf":[],"_links":{"self":[{"href":"https:\/\/isfdyt32-bue.infd.edu.ar\/sitio\/wp-json\/wp\/v2\/pages\/692"}],"collection":[{"href":"https:\/\/isfdyt32-bue.infd.edu.ar\/sitio\/wp-json\/wp\/v2\/pages"}],"about":[{"href":"https:\/\/isfdyt32-bue.infd.edu.ar\/sitio\/wp-json\/wp\/v2\/types\/page"}],"author":[{"embeddable":true,"href":"https:\/\/isfdyt32-bue.infd.edu.ar\/sitio\/wp-json\/wp\/v2\/users\/33"}],"replies":[{"embeddable":true,"href":"https:\/\/isfdyt32-bue.infd.edu.ar\/sitio\/wp-json\/wp\/v2\/comments?post=692"}],"version-history":[{"count":3,"href":"https:\/\/isfdyt32-bue.infd.edu.ar\/sitio\/wp-json\/wp\/v2\/pages\/692\/revisions"}],"predecessor-version":[{"id":834,"href":"https:\/\/isfdyt32-bue.infd.edu.ar\/sitio\/wp-json\/wp\/v2\/pages\/692\/revisions\/834"}],"wp:attachment":[{"href":"https:\/\/isfdyt32-bue.infd.edu.ar\/sitio\/wp-json\/wp\/v2\/media?parent=692"}],"curies":[{"name":"wp","href":"https:\/\/api.w.org\/{rel}","templated":true}]}}