{"id":695,"date":"2018-08-31T20:55:31","date_gmt":"2018-08-31T23:55:31","guid":{"rendered":"https:\/\/isfdyt32-bue.infd.edu.ar\/sitio\/?page_id=695"},"modified":"2018-09-04T20:06:10","modified_gmt":"2018-09-04T23:06:10","slug":"datos-de-la-institucion","status":"publish","type":"page","link":"https:\/\/isfdyt32-bue.infd.edu.ar\/sitio\/datos-de-la-institucion\/","title":{"rendered":"Datos de la Instituci\u00f3n"},"content":{"rendered":"<h2><strong>Instituto Superior de Formaci\u00f3n Docente y T\u00e9cnica N\u00b0 32<\/strong><\/h2>\n<p style=\"padding-left: 30px;\"><span data-mce-mark=\"1\">Turno<\/span>\u00a0 ma\u00f1ana: de 7:30 a 11:40 hs.<\/p>\n<p style=\"padding-left: 30px;\">Turno tarde: de \u00a013:00 a 17:10 hs.<\/p>\n<p style=\"padding-left: 30px;\">Turno vespertino: de 17:30 a 21.40 hs.<\/p>\n<p>&nbsp;<\/p>\n","protected":false},"excerpt":{"rendered":"<p>Instituto Superior de Formaci\u00f3n Docente y T\u00e9cnica N\u00b0 32 Turno\u00a0 ma\u00f1ana: de 7:30 a 11:40 hs. Turno tarde: de \u00a013:00 a 17:10 hs. Turno vespertino: de 17:30 a 21.40 hs. &nbsp;<\/p>\n","protected":false},"author":33,"featured_media":0,"parent":0,"menu_order":0,"comment_status":"closed","ping_status":"closed","template":"","meta":[],"acf":[],"_links":{"self":[{"href":"https:\/\/isfdyt32-bue.infd.edu.ar\/sitio\/wp-json\/wp\/v2\/pages\/695"}],"collection":[{"href":"https:\/\/isfdyt32-bue.infd.edu.ar\/sitio\/wp-json\/wp\/v2\/pages"}],"about":[{"href":"https:\/\/isfdyt32-bue.infd.edu.ar\/sitio\/wp-json\/wp\/v2\/types\/page"}],"author":[{"embeddable":true,"href":"https:\/\/isfdyt32-bue.infd.edu.ar\/sitio\/wp-json\/wp\/v2\/users\/33"}],"replies":[{"embeddable":true,"href":"https:\/\/isfdyt32-bue.infd.edu.ar\/sitio\/wp-json\/wp\/v2\/comments?post=695"}],"version-history":[{"count":4,"href":"https:\/\/isfdyt32-bue.infd.edu.ar\/sitio\/wp-json\/wp\/v2\/pages\/695\/revisions"}],"predecessor-version":[{"id":749,"href":"https:\/\/isfdyt32-bue.infd.edu.ar\/sitio\/wp-json\/wp\/v2\/pages\/695\/revisions\/749"}],"wp:attachment":[{"href":"https:\/\/isfdyt32-bue.infd.edu.ar\/sitio\/wp-json\/wp\/v2\/media?parent=695"}],"curies":[{"name":"wp","href":"https:\/\/api.w.org\/{rel}","templated":true}]}}