{"id":818,"date":"2019-07-17T20:48:34","date_gmt":"2019-07-17T23:48:34","guid":{"rendered":"https:\/\/isfdyt32-bue.infd.edu.ar\/sitio\/?page_id=818"},"modified":"2019-10-03T21:23:45","modified_gmt":"2019-10-04T00:23:45","slug":"disenos-curriculares","status":"publish","type":"page","link":"https:\/\/isfdyt32-bue.infd.edu.ar\/sitio\/disenos-curriculares\/","title":{"rendered":"Dise\u00f1os Curriculares"},"content":{"rendered":"<h1><a href=\"http:\/\/servicios2.abc.gov.ar\/lainstitucion\/organismos\/consejogeneral\/default.cfm?path=tecnicatura\/default.htm\">Dise\u00f1os de Tecnicaturas Nivel Terciario<\/a><\/h1>\n<p><a href=\"https:\/\/isfdyt32-bue.infd.edu.ar\/sitio\/wp-content\/uploads\/2019\/10\/RSC-4344-2019-Tec-Supe.-en-Alimentos.pdf\">RSC-4344-2019- Tec Supe. en Alimentos<\/a><\/p>\n<p><a href=\"https:\/\/isfdyt32-bue.infd.edu.ar\/sitio\/wp-content\/uploads\/2019\/10\/Trabajo-social-res-1666-06.pdf\">Trabajo social res 1666-06<\/a><\/p>\n<p><a href=\"https:\/\/isfdyt32-bue.infd.edu.ar\/sitio\/wp-content\/uploads\/2019\/10\/Gestor\u00eda_Res4103-03.pdf\">Gestor\u00eda_Res4103-03<\/a><\/p>\n<p><a href=\"https:\/\/isfdyt32-bue.infd.edu.ar\/sitio\/wp-content\/uploads\/2019\/10\/DC_GESTION_AMBIENTAL_Y_SALUD_RES_442-08.pdf\">DC_GESTION_AMBIENTAL_Y_SALUD_RES_442-08<\/a><\/p>\n<h1><a href=\"http:\/\/servicios2.abc.gov.ar\/lainstitucion\/organismos\/consejogeneral\/disenioscurriculares\/superior\/\">Dise\u00f1os de Carreras Docentes<\/a><\/h1>\n<p>&nbsp;<\/p>\n","protected":false},"excerpt":{"rendered":"<p>Dise\u00f1os de Tecnicaturas Nivel Terciario RSC-4344-2019- Tec Supe. en Alimentos Trabajo social res 1666-06 Gestor\u00eda_Res4103-03 DC_GESTION_AMBIENTAL_Y_SALUD_RES_442-08 Dise\u00f1os de Carreras Docentes &nbsp;<\/p>\n","protected":false},"author":33,"featured_media":0,"parent":0,"menu_order":0,"comment_status":"closed","ping_status":"closed","template":"","meta":[],"acf":[],"_links":{"self":[{"href":"https:\/\/isfdyt32-bue.infd.edu.ar\/sitio\/wp-json\/wp\/v2\/pages\/818"}],"collection":[{"href":"https:\/\/isfdyt32-bue.infd.edu.ar\/sitio\/wp-json\/wp\/v2\/pages"}],"about":[{"href":"https:\/\/isfdyt32-bue.infd.edu.ar\/sitio\/wp-json\/wp\/v2\/types\/page"}],"author":[{"embeddable":true,"href":"https:\/\/isfdyt32-bue.infd.edu.ar\/sitio\/wp-json\/wp\/v2\/users\/33"}],"replies":[{"embeddable":true,"href":"https:\/\/isfdyt32-bue.infd.edu.ar\/sitio\/wp-json\/wp\/v2\/comments?post=818"}],"version-history":[{"count":3,"href":"https:\/\/isfdyt32-bue.infd.edu.ar\/sitio\/wp-json\/wp\/v2\/pages\/818\/revisions"}],"predecessor-version":[{"id":904,"href":"https:\/\/isfdyt32-bue.infd.edu.ar\/sitio\/wp-json\/wp\/v2\/pages\/818\/revisions\/904"}],"wp:attachment":[{"href":"https:\/\/isfdyt32-bue.infd.edu.ar\/sitio\/wp-json\/wp\/v2\/media?parent=818"}],"curies":[{"name":"wp","href":"https:\/\/api.w.org\/{rel}","templated":true}]}}